{"id":59,"date":"2025-03-15T20:18:39","date_gmt":"2025-03-15T23:18:39","guid":{"rendered":"https:\/\/entendatudo.com\/?page_id=59"},"modified":"2025-03-15T20:18:59","modified_gmt":"2025-03-15T23:18:59","slug":"%e8%aa%ad%e8%80%85%e3%81%b8%e3%81%ae%e9%80%8f%e6%98%8e%e6%80%a7","status":"publish","type":"page","link":"https:\/\/entendatudo.com\/ja\/%e8%aa%ad%e8%80%85%e3%81%b8%e3%81%ae%e9%80%8f%e6%98%8e%e6%80%a7\/","title":{"rendered":"\u8aad\u8005\u3078\u306e\u900f\u660e\u6027"},"content":{"rendered":"<p><strong>EntendaTudo \u306e\u900f\u660e\u6027\u306b\u7279\u5316\u3057\u305f\u30da\u30fc\u30b8\u3078\u3088\u3046\u3053\u305d\u3002.<\/strong><\/p>\n\n\n\n<p>EntendaTudo \u3067\u306f\u900f\u660e\u6027\u3092\u6700\u512a\u5148\u306b\u8003\u3048\u3066\u304a\u308a\u3001\u5f53\u793e\u306e\u53d6\u308a\u7d44\u307f\u3084\u30dd\u30ea\u30b7\u30fc\u306b\u3064\u3044\u3066\u8aad\u8005\u306b\u5e38\u306b\u60c5\u5831\u3092\u63d0\u4f9b\u3059\u308b\u3053\u3068\u306b\u5c3d\u529b\u3057\u3066\u3044\u307e\u3059\u3002.<\/p>\n\n\n\n<p><strong>\u7de8\u96c6\u30ac\u30a4\u30c9\u30e9\u30a4\u30f3<\/strong><\/p>\n\n\n\n<p>\u79c1\u305f\u3061\u306e\u7de8\u96c6\u65b9\u91dd\u306f\u3001\u63d0\u4f9b\u3059\u308b\u30b3\u30f3\u30c6\u30f3\u30c4\u306e\u6b63\u78ba\u6027\u3001\u516c\u5e73\u6027\u3001\u305d\u3057\u3066\u95a2\u9023\u6027\u306b\u57fa\u3065\u3044\u3066\u3044\u307e\u3059\u3002\u5fb9\u5e95\u3057\u305f\u8abf\u67fb\u3068\u8a73\u7d30\u306a\u5206\u6790\u3092\u884c\u3044\u3001\u30e9\u30a4\u30bf\u30fc\u306e\u5c02\u9580\u77e5\u8b58\u3092\u6d3b\u304b\u3057\u3066\u8a18\u4e8b\u3092\u4f5c\u6210\u3057\u3066\u3044\u307e\u3059\u3002\u91d1\u92ad\u7684\u306a\u5831\u916c\u306b\u3088\u3063\u3066\u30b3\u30f3\u30c6\u30f3\u30c4\u306e\u5185\u5bb9\u304c\u5de6\u53f3\u3055\u308c\u308b\u3053\u3068\u306f\u4e00\u5207\u3042\u308a\u307e\u305b\u3093\u3002\u8a18\u4e8b\u306b\u30a2\u30d5\u30a3\u30ea\u30a8\u30a4\u30c8\u30ea\u30f3\u30af\u304c\u542b\u307e\u308c\u3066\u3044\u308b\u5834\u5408\u306f\u3001\u305d\u306e\u65e8\u3092\u660e\u8a18\u3057\u307e\u3059\u3002.<\/p>\n\n\n\n<p><strong>\u53ce\u76ca\u5275\u51fa\u3068\u5e83\u544a<\/strong><\/p>\n\n\n\n<p>\u73fe\u5728\u3001\u53b3\u683c\u306a\u6cd5\u4ee4\u9075\u5b88\u57fa\u6e96\u3092\u9075\u5b88\u3059\u308b\u5e83\u544a\u30d7\u30e9\u30c3\u30c8\u30d5\u30a9\u30fc\u30e0\u3067\u3042\u308bGoogle AdSense\u306e\u5229\u7528\u627f\u8a8d\u624b\u7d9a\u304d\u3092\u9032\u3081\u3066\u3044\u307e\u3059\u3002\u5f53\u793e\u306e\u30a6\u30a7\u30d6\u30b5\u30a4\u30c8\u306b\u63b2\u8f09\u3055\u308c\u308b\u5e83\u544a\u306f\u9069\u5207\u306b\u8868\u793a\u3055\u308c\u3066\u304a\u308a\u3001\u30e6\u30fc\u30b6\u30fc\u304c\u5e83\u544a\u3092\u30af\u30ea\u30c3\u30af\u3059\u308b\u3053\u3068\u3067\u767a\u751f\u3059\u308b\u91d1\u92ad\u7684\u306a\u3084\u308a\u53d6\u308a\u306f\u3001\u5f53\u793e\u306e\u7de8\u96c6\u65b9\u91dd\u3092\u640d\u306a\u3046\u3053\u3068\u306a\u304f\u884c\u308f\u308c\u307e\u3059\u3002\u5f53\u793e\u306f\u3001\u8868\u793a\u3055\u308c\u308b\u5e83\u544a\u306e\u54c1\u8cea\u3068\u95a2\u9023\u6027\u3092\u7dad\u6301\u3059\u308b\u3053\u3068\u306b\u5c3d\u529b\u3057\u3066\u3044\u307e\u3059\u3002.<\/p>\n\n\n\n<p>\u5e83\u544a <strong>\u30e6\u30fc\u30b6\u30fc\u306e\u30d7\u30e9\u30a4\u30d0\u30b7\u30fc<\/strong><\/p>\n\n\n\n<p>\u8a2a\u554f\u8005\u306e\u30d7\u30e9\u30a4\u30d0\u30b7\u30fc\u3092\u5c0a\u91cd\u3059\u308b\u3053\u3068\u306f\u3001\u79c1\u305f\u3061\u306b\u3068\u3063\u3066\u57fa\u672c\u7684\u306a\u8cac\u52d9\u3067\u3059\u3002\u5f53\u793e\u306f\u53b3\u683c\u306a\u30c7\u30fc\u30bf\u4fdd\u8b77\u30dd\u30ea\u30b7\u30fc\u3092\u63a1\u7528\u3057\u3066\u304a\u308a\u3001\u53ce\u96c6\u3057\u305f\u60c5\u5831\u306f\u30a6\u30a7\u30d6\u30b5\u30a4\u30c8\u306e\u5229\u4fbf\u6027\u5411\u4e0a\u306e\u307f\u306b\u4f7f\u7528\u3057\u3001\u4e8b\u524d\u306e\u8a31\u53ef\u306a\u304f\u7b2c\u4e09\u8005\u306b\u8ca9\u58f2\u307e\u305f\u306f\u958b\u793a\u3059\u308b\u3053\u3068\u306f\u3042\u308a\u307e\u305b\u3093\u3002.<\/p>\n\n\n\n<p><strong>\u6cd5\u7684\u7fa9\u52d9<\/strong><\/p>\n\n\n\n<p>EntendaTudo\u306e\u3059\u3079\u3066\u306e\u30b3\u30f3\u30c6\u30f3\u30c4\u304c\u9069\u7528\u6cd5\u306b\u6e96\u62e0\u3057\u3066\u3044\u308b\u3053\u3068\u3092\u4fdd\u8a3c\u3059\u308b\u3053\u3068\u304c\u79c1\u305f\u3061\u306e\u76ee\u6a19\u3067\u3059\u3002\u30b3\u30f3\u30c6\u30f3\u30c4\u306b\u8457\u4f5c\u6a29\u4fb5\u5bb3\u3084\u305d\u306e\u4ed6\u306e\u6cd5\u7684\u9055\u53cd\u304c\u898b\u3089\u308c\u305f\u5834\u5408\u306f\u3001\u76f4\u3061\u306b\u3054\u9023\u7d61\u304f\u3060\u3055\u3044\u3002\u72b6\u6cc1\u3092\u6539\u5584\u3044\u305f\u3057\u307e\u3059\u3002.<\/p>\n\n\n\n<p><strong>\u304a\u554f\u3044\u5408\u308f\u305b<\/strong><\/p>\n\n\n\n<p>\u900f\u660e\u6027\u3084\u305d\u306e\u4ed6\u306e\u4e8b\u9805\u306b\u95a2\u3059\u308b\u3054\u8cea\u554f\u3001\u3054\u61f8\u5ff5\u3001\u3054\u63d0\u6848\u304c\u3054\u3056\u3044\u307e\u3057\u305f\u3089\u3001\u304a\u554f\u3044\u5408\u308f\u305b\u30d5\u30a9\u30fc\u30e0\u3092\u3054\u5229\u7528\u3044\u305f\u3060\u304f\u304b\u3001[\u30e1\u30fc\u30eb\u30a2\u30c9\u30ec\u30b9] \u307e\u3067\u30e1\u30fc\u30eb\u3092\u304a\u9001\u308a\u304f\u3060\u3055\u3044\u3002 <a href=\"mailto:contacto@entendatudo.com\">contacto@entendatudo.com<\/a> .<\/p>\n\n\n\n<p>EntendaTudo \u306e\u900f\u660e\u6027\u3078\u306e\u53d6\u308a\u7d44\u307f\u306b\u5bfe\u3059\u308b\u7686\u69d8\u306e\u4fe1\u983c\u3068\u95a2\u5fc3\u306b\u611f\u8b1d\u3044\u305f\u3057\u307e\u3059\u3002.<\/p>","protected":false},"excerpt":{"rendered":"<p>Seja bem-vindo \u00e0 nossa p\u00e1gina de compromisso com a transpar\u00eancia no EntendaTudo. Na EntendaTudo, a transpar\u00eancia \u00e9 uma prioridade e estamos empenhados em manter nossos leitores informados sobre nossas pr\u00e1ticas e pol\u00edticas. Diretrizes Editoriais An\u00fancios Nosso princ\u00edpio editorial baseia-se na precis\u00e3o, equidade e relev\u00e2ncia do conte\u00fado que oferecemos. Produzimos nossos &#8230; <a title=\"\u8aad\u8005\u3078\u306e\u900f\u660e\u6027\" class=\"read-more\" href=\"https:\/\/entendatudo.com\/ja\/%e8%aa%ad%e8%80%85%e3%81%b8%e3%81%ae%e9%80%8f%e6%98%8e%e6%80%a7\/\" aria-label=\"Transpar\u00eancia com o leitor \u306b\u3064\u3044\u3066\u3055\u3089\u306b\u8aad\u3080\">\u7d9a\u304d\u3092\u8aad\u3080<\/a><\/p>","protected":false},"author":8,"featured_media":0,"parent":0,"menu_order":0,"comment_status":"closed","ping_status":"closed","template":"","meta":{"_acf_changed":false,"footnotes":""},"class_list":["post-59","page","type-page","status-publish"],"acf":[],"_links":{"self":[{"href":"https:\/\/entendatudo.com\/ja\/wp-json\/wp\/v2\/pages\/59","targetHints":{"allow":["GET"]}}],"collection":[{"href":"https:\/\/entendatudo.com\/ja\/wp-json\/wp\/v2\/pages"}],"about":[{"href":"https:\/\/entendatudo.com\/ja\/wp-json\/wp\/v2\/types\/page"}],"author":[{"embeddable":true,"href":"https:\/\/entendatudo.com\/ja\/wp-json\/wp\/v2\/users\/8"}],"replies":[{"embeddable":true,"href":"https:\/\/entendatudo.com\/ja\/wp-json\/wp\/v2\/comments?post=59"}],"version-history":[{"count":2,"href":"https:\/\/entendatudo.com\/ja\/wp-json\/wp\/v2\/pages\/59\/revisions"}],"predecessor-version":[{"id":62,"href":"https:\/\/entendatudo.com\/ja\/wp-json\/wp\/v2\/pages\/59\/revisions\/62"}],"wp:attachment":[{"href":"https:\/\/entendatudo.com\/ja\/wp-json\/wp\/v2\/media?parent=59"}],"curies":[{"name":"wp","href":"https:\/\/api.w.org\/{rel}","templated":true}]}}