{"id":268,"date":"2025-03-16T13:46:41","date_gmt":"2025-03-16T16:46:41","guid":{"rendered":"https:\/\/entendatudo.com\/?page_id=268"},"modified":"2025-12-27T15:16:18","modified_gmt":"2025-12-27T15:16:18","slug":"%e7%a7%81%e3%81%9f%e3%81%a1%e3%81%af%e8%aa%b0%e3%81%a7%e3%81%99%e3%81%8b","status":"publish","type":"page","link":"https:\/\/entendatudo.com\/ja\/%e7%a7%81%e3%81%9f%e3%81%a1%e3%81%af%e8%aa%b0%e3%81%a7%e3%81%99%e3%81%8b\/","title":{"rendered":"\u79c1\u305f\u3061\u306b\u3064\u3044\u3066"},"content":{"rendered":"<div class=\"wp-block-image\">\n<figure class=\"alignleft size-full is-resized\"><img loading=\"lazy\" decoding=\"async\" width=\"500\" height=\"500\" src=\"https:\/\/entendatudo.com\/wp-content\/uploads\/2025\/12\/redator-diogo-alves.webp\" alt=\"\u30c7\u30a3\u30aa\u30b4\u30fb\u30a2\u30eb\u30d9\u30b9\u8457\" class=\"wp-image-1036\" style=\"width:329px;height:auto\" srcset=\"https:\/\/entendatudo.com\/wp-content\/uploads\/2025\/12\/redator-diogo-alves.webp 500w, https:\/\/entendatudo.com\/wp-content\/uploads\/2025\/12\/redator-diogo-alves-300x300.webp 300w, https:\/\/entendatudo.com\/wp-content\/uploads\/2025\/12\/redator-diogo-alves-150x150.webp 150w, https:\/\/entendatudo.com\/wp-content\/uploads\/2025\/12\/redator-diogo-alves-12x12.webp 12w\" sizes=\"auto, (max-width: 500px) 100vw, 500px\" \/><figcaption class=\"wp-element-caption\">\u30c7\u30a3\u30aa\u30b4\u30fb\u30a2\u30a6\u30d9\u30b9<\/figcaption><\/figure>\n<\/div>\n\n\n<p><strong>\u3088\u3046\u3053\u305dUnderstandEverything\u3078<\/strong>, Roblox \u306f\u3001\u30a8\u30ad\u30b5\u30a4\u30c6\u30a3\u30f3\u30b0\u306a\u30b2\u30fc\u30e0\u306e\u4e16\u754c\u3084 Roblox \u30d7\u30e9\u30c3\u30c8\u30d5\u30a9\u30fc\u30e0\u306e\u6700\u65b0\u306e\u30a2\u30c3\u30d7\u30c7\u30fc\u30c8\u3092\u63a2\u7d22\u3059\u308b\u306e\u306b\u6700\u9069\u306a\u5834\u6240\u3067\u3059\u3002<\/p>\n\n\n\n<p>EntendaTudo\u306f\u3001 <strong>\u30c7\u30a3\u30aa\u30b4\u30fb\u30a2\u30a6\u30d9\u30b9<\/strong>, \uff08EntendaTudo\uff09\u3068\u3057\u3066\u77e5\u3089\u308c\u308b\u5f7c\u306f\u3001TikTok\u3067\u6709\u540d\u306aRoblox\u30b3\u30f3\u30c6\u30f3\u30c4\u30af\u30ea\u30a8\u30a4\u30bf\u30fc\u3068\u3057\u3066\u6ce8\u76ee\u3092\u96c6\u3081\u3066\u3044\u307e\u3057\u305f\u3002\u3053\u306e\u30c1\u30e3\u30f3\u30cd\u30eb\u306f\u3001Roblox\u306e\u4e16\u754c\u306b\u5e83\u304c\u308b\u7121\u9650\u306e\u53ef\u80fd\u6027\u306b\u3064\u3044\u3066\u306e\u6d1e\u5bdf\u3068\u71b1\u610f\u3092\u5171\u6709\u3057\u305f\u3044\u3068\u3044\u3046\u5f7c\u306e\u60c5\u71b1\u304b\u3089\u751f\u307e\u308c\u307e\u3057\u305f\u3002.<\/p>\n\n\n\n<p>\u3053\u306e\u30d7\u30ed\u30b8\u30a7\u30af\u30c8\u306f\u3001 <a href=\"https:\/\/aafpublicidadeonline.com\/\" target=\"_blank\" rel=\"noreferrer noopener\">AAF\u30aa\u30f3\u30e9\u30a4\u30f3\u5e83\u544a<\/a> (NIF: 517918560) \u306f\u3001EntendaTudo \u306e\u7ba1\u7406\u3068\u958b\u767a\u306b\u5354\u529b\u3057\u3066\u3044\u308b\u30c7\u30b8\u30bf\u30eb \u30de\u30fc\u30b1\u30c6\u30a3\u30f3\u30b0\u5c02\u9580\u4f01\u696d\u3067\u3059\u3002.<\/p>\n\n\n\n<p>\u5f53\u30d6\u30ed\u30b0\u3067\u306f\u3001\u30d7\u30e9\u30c3\u30c8\u30d5\u30a9\u30fc\u30e0\u3067\u6700\u3082\u4eba\u6c17\u306e\u3042\u308b\u30b2\u30fc\u30e0\u306e\u5305\u62ec\u7684\u306a\u30ec\u30d3\u30e5\u30fc\u3001\u6700\u65b0\u306e\u5909\u66f4\u70b9\u306b\u95a2\u3059\u308b\u6700\u65b0\u60c5\u5831\u3001\u305d\u3057\u3066Roblox\u95a2\u9023\u306e\u6700\u65b0\u30cb\u30e5\u30fc\u30b9\u3092\u304a\u5c4a\u3051\u3057\u307e\u3059\u3002\u79c1\u305f\u3061\u306e\u76ee\u6a19\u306f\u3001Roblox\u306e\u4e16\u754c\u3067\u7686\u69d8\u306e\u4f53\u9a13\u3092\u5411\u4e0a\u3055\u305b\u308b\u305f\u3081\u306b\u3001\u6b63\u78ba\u3067\u5f79\u7acb\u3064\u60c5\u5831\u3092\u304a\u5c4a\u3051\u3059\u308b\u3053\u3068\u3067\u3059\u3002.<\/p>\n\n\n\n<p>EntendaTudo\u306f\u3001\u7d4c\u9a13\u8c4a\u5bcc\u306a\u30d7\u30ec\u30a4\u30e4\u30fc\u3067\u3082\u521d\u5fc3\u8005\u3067\u3082\u3001\u5e83\u5927\u3067\u591a\u69d8\u306a\u30b2\u30fc\u30e0\u306e\u4e16\u754c\u3092\u30ca\u30d3\u30b2\u30fc\u30c8\u3059\u308b\u304a\u624b\u4f1d\u3044\u3092\u3044\u305f\u3057\u307e\u3059\uff01\u65b0\u3057\u3044\u4e16\u754c\u3092\u767a\u898b\u3057\u3001\u30b9\u30ad\u30eb\u306b\u6311\u6226\u3057\u3001Roblox\u3067\u6700\u9ad8\u306e\u4f53\u9a13\u3092\u5473\u308f\u3046\u3001\u30a8\u30ad\u30b5\u30a4\u30c6\u30a3\u30f3\u30b0\u306a\u65c5\u306b\u305c\u3072\u3054\u53c2\u52a0\u304f\u3060\u3055\u3044\u3002.<\/p>","protected":false},"excerpt":{"rendered":"<p>Bem-vindo ao EntendaTudo, o lugar perfeito para explorar o emocionante reino dos jogos e as \u00faltimas atualiza\u00e7\u00f5es encontradas na plataforma Roblox! O EntendaTudo \u00e9 um projeto criado e gerido por Diogo Alves, conhecido como EntendaTudo, que no passado ganhou destaque como um famoso criador de conte\u00fado de Roblox no TikTok. &#8230; <a title=\"\u79c1\u305f\u3061\u306b\u3064\u3044\u3066\" class=\"read-more\" href=\"https:\/\/entendatudo.com\/ja\/%e7%a7%81%e3%81%9f%e3%81%a1%e3%81%af%e8%aa%b0%e3%81%a7%e3%81%99%e3%81%8b\/\" aria-label=\"Quem Somos \u306b\u3064\u3044\u3066\u3055\u3089\u306b\u8aad\u3080\">\u7d9a\u304d\u3092\u8aad\u3080<\/a><\/p>","protected":false},"author":8,"featured_media":0,"parent":0,"menu_order":0,"comment_status":"closed","ping_status":"closed","template":"","meta":{"_acf_changed":false,"footnotes":""},"class_list":["post-268","page","type-page","status-publish"],"acf":[],"_links":{"self":[{"href":"https:\/\/entendatudo.com\/ja\/wp-json\/wp\/v2\/pages\/268","targetHints":{"allow":["GET"]}}],"collection":[{"href":"https:\/\/entendatudo.com\/ja\/wp-json\/wp\/v2\/pages"}],"about":[{"href":"https:\/\/entendatudo.com\/ja\/wp-json\/wp\/v2\/types\/page"}],"author":[{"embeddable":true,"href":"https:\/\/entendatudo.com\/ja\/wp-json\/wp\/v2\/users\/8"}],"replies":[{"embeddable":true,"href":"https:\/\/entendatudo.com\/ja\/wp-json\/wp\/v2\/comments?post=268"}],"version-history":[{"count":6,"href":"https:\/\/entendatudo.com\/ja\/wp-json\/wp\/v2\/pages\/268\/revisions"}],"predecessor-version":[{"id":1089,"href":"https:\/\/entendatudo.com\/ja\/wp-json\/wp\/v2\/pages\/268\/revisions\/1089"}],"wp:attachment":[{"href":"https:\/\/entendatudo.com\/ja\/wp-json\/wp\/v2\/media?parent=268"}],"curies":[{"name":"wp","href":"https:\/\/api.w.org\/{rel}","templated":true}]}}