{"id":266,"date":"2025-03-16T13:44:58","date_gmt":"2025-03-16T16:44:58","guid":{"rendered":"https:\/\/entendatudo.com\/?page_id=266"},"modified":"2025-03-16T13:50:24","modified_gmt":"2025-03-16T16:50:24","slug":"%e3%83%97%e3%83%a9%e3%82%a4%e3%83%90%e3%82%b7%e3%83%bc%e3%83%9d%e3%83%aa%e3%82%b7%e3%83%bc","status":"publish","type":"page","link":"https:\/\/entendatudo.com\/ja\/%e3%83%97%e3%83%a9%e3%82%a4%e3%83%90%e3%82%b7%e3%83%bc%e3%83%9d%e3%83%aa%e3%82%b7%e3%83%bc\/","title":{"rendered":"\u30d7\u30e9\u30a4\u30d0\u30b7\u30fc\u30dd\u30ea\u30b7\u30fc"},"content":{"rendered":"<p>\u3053\u306e\u6587\u66f8\u3067\u306f\u3001\u304a\u5ba2\u69d8\u304c\u5f53\u793e\u306e\u30a6\u30a7\u30d6\u30b5\u30a4\u30c8\u3092\u95b2\u89a7\u3055\u308c\u308b\u969b\u306b\u3001\u5f53\u793e\u304c\u3069\u306e\u3088\u3046\u306b\u304a\u5ba2\u69d8\u306e\u60c5\u5831\u3092\u7ba1\u7406\u3001\u4f7f\u7528\u3001\u4fdd\u8b77\u3059\u308b\u304b\u306b\u3064\u3044\u3066\u8a73\u3057\u304f\u8aac\u660e\u3057\u307e\u3059\u3002\u304a\u5ba2\u69d8\u306e\u500b\u4eba\u30c7\u30fc\u30bf\u3092\u51e6\u7406\u3059\u308b\u969b\u306b\u5f53\u793e\u304c\u5f93\u3046\u624b\u9806\u3092\u3054\u7406\u89e3\u3044\u305f\u3060\u304f\u3053\u3068\u304c\u91cd\u8981\u3067\u3059\u3002.<\/p>\n\n\n\n<p><strong>\u60c5\u5831\u53ce\u96c6:<\/strong><\/p>\n\n\n\n<p>EntendaTudo\u30a6\u30a7\u30d6\u30b5\u30a4\u30c8\u3092\u3054\u5229\u7528\u3044\u305f\u3060\u304f\u969b\u3001\u30d6\u30e9\u30a6\u30b6\u306e\u7a2e\u985e\u3001IP\u30a2\u30c9\u30ec\u30b9\u3001\u30bf\u30a4\u30e0\u30be\u30fc\u30f3\u3001\u30a4\u30f3\u30b9\u30c8\u30fc\u30eb\u3055\u308c\u305fCookie\u306a\u3069\u3001\u304a\u5ba2\u69d8\u306e\u30c7\u30d0\u30a4\u30b9\u306b\u95a2\u3059\u308b\u30c7\u30fc\u30bf\u3092\u53ce\u96c6\u3057\u307e\u3059\u3002\u307e\u305f\u3001\u304a\u5ba2\u69d8\u304c\u30a2\u30af\u30bb\u30b9\u3057\u305f\u30da\u30fc\u30b8\u3084\u30b5\u30a4\u30c8\u5185\u3067\u306e\u3084\u308a\u53d6\u308a\u3082\u76e3\u8996\u3057\u307e\u3059\u3002\u3053\u308c\u3089\u306e\u60c5\u5831\u306f\u300c\u30c7\u30d0\u30a4\u30b9\u60c5\u5831\u300d\u3068\u547c\u3070\u308c\u307e\u3059\u3002.<\/p>\n\n\n\n<p>\u3055\u3089\u306b\u3001\u7279\u306b\u767b\u9332\u6642\u3084\u30a6\u30a7\u30d6\u30b5\u30a4\u30c8\u4e0a\u306e\u30d5\u30a9\u30fc\u30e0\u3078\u306e\u5165\u529b\u6642\u306b\u3001\u304a\u5ba2\u69d8\u306e\u540d\u524d\u3001\u4f4f\u6240\u3001\u96fb\u5b50\u30e1\u30fc\u30eb\u3001\u652f\u6255\u3044\u60c5\u5831\u306a\u3069\u3001\u304a\u5ba2\u69d8\u304c\u76f4\u63a5\u63d0\u4f9b\u3059\u308b\u500b\u4eba\u30c7\u30fc\u30bf\u3092\u53d6\u5f97\u3059\u308b\u5834\u5408\u304c\u3042\u308a\u307e\u3059\u3002.<\/p>\n\n\n\n<p><strong>\u30c7\u30fc\u30bf\u306e\u4f7f\u7528:<\/strong><\/p>\n\n\n\n<p>\u5f53\u793e\u306e\u4e3b\u306a\u76ee\u7684\u306f\u3001\u30a6\u30a7\u30d6\u30b5\u30a4\u30c8\u306e\u30bb\u30ad\u30e5\u30ea\u30c6\u30a3\u3068\u52b9\u7387\u6027\u3092\u78ba\u4fdd\u3059\u308b\u3053\u3068\u3067\u3059\u3002\u53ce\u96c6\u3055\u308c\u305f\u30c7\u30fc\u30bf\u306f\u3001\u4e0d\u6b63\u4f7f\u7528\u306e\u9632\u6b62\u3068\u30a6\u30a7\u30d6\u30b5\u30a4\u30c8\u5229\u7528\u7d71\u8a08\u306e\u96c6\u8a08\u306b\u4f7f\u7528\u3055\u308c\u3001\u500b\u4eba\u3092\u7279\u5b9a\u3067\u304d\u308b\u60c5\u5831\u3068\u306f\u95a2\u9023\u4ed8\u3051\u3089\u308c\u307e\u305b\u3093\u3002.<\/p>\n\n\n\n<p>\u500b\u4eba\u60c5\u5831\u3092\u3054\u63d0\u4f9b\u3044\u305f\u3060\u304b\u306a\u304f\u3066\u3082\u30a6\u30a7\u30d6\u30b5\u30a4\u30c8\u3092\u95b2\u89a7\u3059\u308b\u3053\u3068\u306f\u53ef\u80fd\u3067\u3059\u3002\u305f\u3060\u3057\u3001\u4e00\u90e8\u306e\u6a5f\u80fd\u3078\u306e\u30a2\u30af\u30bb\u30b9\u3001\u30cb\u30e5\u30fc\u30b9\u30ec\u30bf\u30fc\u306e\u53d7\u4fe1\u3001\u304a\u554f\u3044\u5408\u308f\u305b\u306b\u306f\u3001\u30e1\u30fc\u30eb\u30a2\u30c9\u30ec\u30b9\u3001\u6c0f\u540d\u3001\u96fb\u8a71\u756a\u53f7\u306a\u3069\u306e\u60c5\u5831\u3092\u3054\u63d0\u4f9b\u3044\u305f\u3060\u304f\u5fc5\u8981\u304c\u3042\u308a\u307e\u3059\u3002\u3053\u308c\u3089\u306e\u60c5\u5831\u3092\u3054\u63d0\u4f9b\u3044\u305f\u3060\u3051\u306a\u3044\u5834\u5408\u3001\u4e00\u90e8\u306e\u6a5f\u80fd\u3092\u3054\u5229\u7528\u3044\u305f\u3060\u3051\u306a\u3044\u5834\u5408\u304c\u3042\u308a\u307e\u3059\u3002.<\/p>\n\n\n\n<p><strong>\u3042\u306a\u305f\u306e\u6a29\u5229:<\/strong><\/p>\n\n\n\n<p>\u6b27\u5dde\u9023\u5408\u306b\u304a\u4f4f\u307e\u3044\u306e\u5834\u5408\u3001\u500b\u4eba\u30c7\u30fc\u30bf\u306b\u95a2\u3057\u3066\u6b21\u306e\u3088\u3046\u306a\u7279\u5b9a\u306e\u6a29\u5229\u304c\u3042\u308a\u307e\u3059\u3002<\/p>\n\n\n\n<ul class=\"wp-block-list\">\n<li>\u60c5\u5831\u3092\u53d7\u3051\u308b\u6a29\u5229\u3002.<\/li>\n\n\n\n<li>\u30c7\u30fc\u30bf\u306b\u30a2\u30af\u30bb\u30b9\u3059\u308b\u6a29\u5229\u3002.<\/li>\n\n\n\n<li>\u4e0d\u6b63\u78ba\u306a\u30c7\u30fc\u30bf\u3092\u8a02\u6b63\u3059\u308b\u6a29\u5229\u3002.<\/li>\n\n\n\n<li>\u30c7\u30fc\u30bf\u3092\u524a\u9664\u3059\u308b\u6a29\u5229\u3002.<\/li>\n\n\n\n<li>\u51e6\u7406\u3092\u5236\u9650\u3059\u308b\u6a29\u5229\u3002.<\/li>\n\n\n\n<li>\u30c7\u30fc\u30bf\u79fb\u690d\u6a29\u3002.<\/li>\n\n\n\n<li>\u8d77\u8a34\u306b\u5bfe\u3057\u3066\u7570\u8b70\u3092\u7533\u3057\u7acb\u3066\u308b\u6a29\u5229\u3002.<\/li>\n\n\n\n<li>\u81ea\u52d5\u5316\u3055\u308c\u305f\u610f\u601d\u6c7a\u5b9a\u304a\u3088\u3073\u30d7\u30ed\u30d5\u30a1\u30a4\u30ea\u30f3\u30b0\u306b\u95a2\u9023\u3059\u308b\u6a29\u5229\u3002.<\/li>\n<\/ul>\n\n\n\n<p>\u3053\u308c\u3089\u306e\u6a29\u5229\u3092\u884c\u4f7f\u3059\u308b\u306b\u306f\u3001\u4e0b\u8a18\u306e\u60c5\u5831\u3092\u4f7f\u7528\u3057\u3066\u5f53\u793e\u306b\u3054\u9023\u7d61\u304f\u3060\u3055\u3044\u3002\u304a\u5ba2\u69d8\u306e\u60c5\u5831\u306f\u3001\u5fc5\u8981\u306b\u5fdc\u3058\u3066\u3001\u7c73\u56fd\u304a\u3088\u3073\u30ab\u30ca\u30c0\u3092\u542b\u3080\u30e8\u30fc\u30ed\u30c3\u30d1\u4ee5\u5916\u306e\u5730\u57df\u306b\u8ee2\u9001\u3055\u308c\u308b\u53ef\u80fd\u6027\u304c\u3042\u308b\u3053\u3068\u306b\u3054\u7559\u610f\u304f\u3060\u3055\u3044\u3002.<\/p>\n\n\n\n<p><strong>\u30b5\u30fc\u30c9\u30d1\u30fc\u30c6\u30a3\u306e\u30a6\u30a7\u30d6\u30b5\u30a4\u30c8\u3078\u306e\u30ea\u30f3\u30af:<\/strong><\/p>\n\n\n\n<p>\u5f53\u793e\u306e\u30a6\u30a7\u30d6\u30b5\u30a4\u30c8\u306b\u306f\u3001\u5f53\u793e\u304c\u7ba1\u7406\u3057\u3066\u3044\u306a\u3044\u4ed6\u306e\u30a6\u30a7\u30d6\u30b5\u30a4\u30c8\u3078\u306e\u30ea\u30f3\u30af\u304c\u542b\u307e\u308c\u3066\u3044\u308b\u5834\u5408\u304c\u3042\u308a\u307e\u3059\u3002\u5f53\u793e\u306f\u3001\u3053\u308c\u3089\u306e\u4ed6\u306e\u30a6\u30a7\u30d6\u30b5\u30a4\u30c8\u306e\u30d7\u30e9\u30a4\u30d0\u30b7\u30fc\u4fdd\u8b77\u306b\u3064\u3044\u3066\u8cac\u4efb\u3092\u8ca0\u3044\u307e\u305b\u3093\u306e\u3067\u3001\u5404\u30a6\u30a7\u30d6\u30b5\u30a4\u30c8\u306e\u30d7\u30e9\u30a4\u30d0\u30b7\u30fc\u30dd\u30ea\u30b7\u30fc\u3092\u304a\u8aad\u307f\u3044\u305f\u3060\u304f\u3053\u3068\u3092\u304a\u52e7\u3081\u3057\u307e\u3059\u3002.<\/p>\n\n\n\n<p><strong>\u5b89\u5168\uff1a<\/strong><\/p>\n\n\n\n<p>\u5f53\u793e\u306f\u3001\u304a\u5ba2\u69d8\u306e\u60c5\u5831\u3092\u4fdd\u8b77\u3059\u308b\u305f\u3081\u306b\u9069\u5207\u306a\u30bb\u30ad\u30e5\u30ea\u30c6\u30a3\u5bfe\u7b56\u3092\u8b1b\u3058\u3066\u3044\u307e\u3059\u3002\u3057\u304b\u3057\u306a\u304c\u3089\u3001\u30a4\u30f3\u30bf\u30fc\u30cd\u30c3\u30c8\u3092\u4ecb\u3057\u305f\u30c7\u30fc\u30bf\u9001\u4fe1\u306f\u5b8c\u5168\u306b\u5b89\u5168\u3067\u306f\u3042\u308a\u307e\u305b\u3093\u3002\u5f53\u793e\u306f\u3001\u304a\u5ba2\u69d8\u306e\u30c7\u30fc\u30bf\u3092\u4e0d\u6b63\u30a2\u30af\u30bb\u30b9\u304b\u3089\u4fdd\u8b77\u3059\u308b\u305f\u3081\u306b\u3001\u7ba1\u7406\u9762\u3001\u6280\u8853\u9762\u3001\u304a\u3088\u3073\u7269\u7406\u7684\u306a\u5bfe\u7b56\u3092\u8b1b\u3058\u3066\u3044\u307e\u3059\u3002.<\/p>\n\n\n\n<p><strong>\u6cd5\u7684\u958b\u793a:<\/strong><\/p>\n\n\n\n<p>\u5f53\u793e\u306f\u3001\u6cd5\u5f8b\u3067\u7fa9\u52d9\u4ed8\u3051\u3089\u308c\u3066\u3044\u308b\u5834\u5408\u3001\u5f53\u793e\u306e\u6a29\u5229\u3084\u5b89\u5168\u3092\u4fdd\u8b77\u3059\u308b\u305f\u3081\u3001\u307e\u305f\u306f\u6cd5\u7684\u624b\u7d9a\u304d\u306b\u5f93\u3046\u305f\u3081\u306b\u3001\u304a\u5ba2\u69d8\u306e\u60c5\u5831\u3092\u516c\u958b\u3059\u308b\u3053\u3068\u304c\u3042\u308a\u307e\u3059\u3002.<\/p>\n\n\n\n<p><strong>\u63a5\u89e6\uff1a<\/strong><\/p>\n\n\n\n<p>\u3053\u306e\u30d7\u30e9\u30a4\u30d0\u30b7\u30fc\u30dd\u30ea\u30b7\u30fc\u306b\u3064\u3044\u3066\u3054\u8cea\u554f\u304c\u3042\u308b\u5834\u5408\u3001\u307e\u305f\u306f\u500b\u4eba\u60c5\u5831\u306b\u95a2\u3059\u308b\u6a29\u5229\u3092\u884c\u4f7f\u3057\u305f\u3044\u5834\u5408\u306f\u3001\u30e1\u30fc\u30eb\u3067\u304a\u554f\u3044\u5408\u308f\u305b\u304f\u3060\u3055\u3044\u3002 <a href=\"mailto:contacto@entendatudo.com\">contacto@entendatudo.com<\/a> .<\/p>","protected":false},"excerpt":{"rendered":"<p>Este documento detalha como gerimos, utilizamos e protegemos suas informa\u00e7\u00f5es ao navegar em nosso site. \u00c9 essencial que voc\u00ea compreenda os procedimentos adotados no tratamento dos seus dados pessoais. Coleta de Informa\u00e7\u00f5es: Ao usar o site EntendaTudo, coletamos dados relacionados ao seu dispositivo, incluindo o tipo de navegador, endere\u00e7o IP, &#8230; <a title=\"\u30d7\u30e9\u30a4\u30d0\u30b7\u30fc\u30dd\u30ea\u30b7\u30fc\" class=\"read-more\" href=\"https:\/\/entendatudo.com\/ja\/%e3%83%97%e3%83%a9%e3%82%a4%e3%83%90%e3%82%b7%e3%83%bc%e3%83%9d%e3%83%aa%e3%82%b7%e3%83%bc\/\" aria-label=\"Pol\u00edtica de Privacidade \u306b\u3064\u3044\u3066\u3055\u3089\u306b\u8aad\u3080\">\u7d9a\u304d\u3092\u8aad\u3080<\/a><\/p>","protected":false},"author":8,"featured_media":0,"parent":0,"menu_order":0,"comment_status":"closed","ping_status":"closed","template":"","meta":{"_acf_changed":false,"footnotes":""},"class_list":["post-266","page","type-page","status-publish"],"acf":[],"_links":{"self":[{"href":"https:\/\/entendatudo.com\/ja\/wp-json\/wp\/v2\/pages\/266","targetHints":{"allow":["GET"]}}],"collection":[{"href":"https:\/\/entendatudo.com\/ja\/wp-json\/wp\/v2\/pages"}],"about":[{"href":"https:\/\/entendatudo.com\/ja\/wp-json\/wp\/v2\/types\/page"}],"author":[{"embeddable":true,"href":"https:\/\/entendatudo.com\/ja\/wp-json\/wp\/v2\/users\/8"}],"replies":[{"embeddable":true,"href":"https:\/\/entendatudo.com\/ja\/wp-json\/wp\/v2\/comments?post=266"}],"version-history":[{"count":1,"href":"https:\/\/entendatudo.com\/ja\/wp-json\/wp\/v2\/pages\/266\/revisions"}],"predecessor-version":[{"id":267,"href":"https:\/\/entendatudo.com\/ja\/wp-json\/wp\/v2\/pages\/266\/revisions\/267"}],"wp:attachment":[{"href":"https:\/\/entendatudo.com\/ja\/wp-json\/wp\/v2\/media?parent=266"}],"curies":[{"name":"wp","href":"https:\/\/api.w.org\/{rel}","templated":true}]}}