{"id":268,"date":"2025-03-16T13:46:41","date_gmt":"2025-03-16T16:46:41","guid":{"rendered":"https:\/\/entendatudo.com\/?page_id=268"},"modified":"2025-12-27T15:16:18","modified_gmt":"2025-12-27T15:16:18","slug":"siapa-kami","status":"publish","type":"page","link":"https:\/\/entendatudo.com\/id\/siapa-kami\/","title":{"rendered":"Siapa Kami"},"content":{"rendered":"<div class=\"wp-block-image\">\n<figure class=\"alignleft size-full is-resized\"><img loading=\"lazy\" decoding=\"async\" width=\"500\" height=\"500\" src=\"https:\/\/entendatudo.com\/wp-content\/uploads\/2025\/12\/redator-diogo-alves.webp\" alt=\"Ditulis oleh Diogo Alves\" class=\"wp-image-1036\" style=\"width:329px;height:auto\" srcset=\"https:\/\/entendatudo.com\/wp-content\/uploads\/2025\/12\/redator-diogo-alves.webp 500w, https:\/\/entendatudo.com\/wp-content\/uploads\/2025\/12\/redator-diogo-alves-300x300.webp 300w, https:\/\/entendatudo.com\/wp-content\/uploads\/2025\/12\/redator-diogo-alves-150x150.webp 150w, https:\/\/entendatudo.com\/wp-content\/uploads\/2025\/12\/redator-diogo-alves-12x12.webp 12w\" sizes=\"auto, (max-width: 500px) 100vw, 500px\" \/><figcaption class=\"wp-element-caption\">Diogo Alves<\/figcaption><\/figure>\n<\/div>\n\n\n<p><strong>Selamat datang di UnderstandEverything<\/strong>, Roblox, tempat yang sempurna untuk menjelajahi dunia game yang seru dan pembaruan terbaru yang ada di platform Roblox!<\/p>\n\n\n\n<p>EntendaTudo adalah proyek yang dibuat dan dikelola oleh <strong>Diogo Alves<\/strong>, yang dikenal sebagai EntendaTudo, sebelumnya terkenal sebagai kreator konten Roblox ternama di TikTok. Saluran ini lahir dari hasratnya untuk berbagi wawasan dan antusiasme tentang berbagai peluang yang tersedia di dunia Roblox.<\/p>\n\n\n\n<p>Proyek ini memiliki kemitraan dengan <a href=\"https:\/\/aafpublicidadeonline.com\/\" target=\"_blank\" rel=\"noreferrer noopener\">Iklan Online AAF<\/a> (NIF: 517918560), sebuah perusahaan yang mengkhususkan diri dalam pemasaran digital yang berkolaborasi dalam pengelolaan dan pengembangan EntendaTudo.<\/p>\n\n\n\n<p>Di blog kami, Anda akan menemukan ulasan komprehensif tentang game-game terpopuler di platform ini, pembaruan tentang perubahan terbaru, dan berita terkini terkait Roblox. Tujuan kami adalah untuk memberikan informasi yang akurat dan bermanfaat untuk meningkatkan pengalaman Anda di dunia Roblox.<\/p>\n\n\n\n<p>EntendaTudo siap membantu Anda, baik Anda pemain berpengalaman maupun pemula, untuk menjelajahi dunia game yang luas dan beragam! Mari bergabung dalam perjalanan seru ini saat kita menemukan dunia baru, menguji kemampuan kita, dan menikmati pengalaman terbaik di Roblox.<\/p>","protected":false},"excerpt":{"rendered":"<p>Bem-vindo ao EntendaTudo, o lugar perfeito para explorar o emocionante reino dos jogos e as \u00faltimas atualiza\u00e7\u00f5es encontradas na plataforma Roblox! O EntendaTudo \u00e9 um projeto criado e gerido por Diogo Alves, conhecido como EntendaTudo, que no passado ganhou destaque como um famoso criador de conte\u00fado de Roblox no TikTok. &#8230; <a title=\"Siapa Kami\" class=\"read-more\" href=\"https:\/\/entendatudo.com\/id\/siapa-kami\/\" aria-label=\"Baca selengkapnya tentang Quem Somos\">Baca selengkapnya<\/a><\/p>","protected":false},"author":8,"featured_media":0,"parent":0,"menu_order":0,"comment_status":"closed","ping_status":"closed","template":"","meta":{"_acf_changed":false,"footnotes":""},"class_list":["post-268","page","type-page","status-publish"],"acf":[],"_links":{"self":[{"href":"https:\/\/entendatudo.com\/id\/wp-json\/wp\/v2\/pages\/268","targetHints":{"allow":["GET"]}}],"collection":[{"href":"https:\/\/entendatudo.com\/id\/wp-json\/wp\/v2\/pages"}],"about":[{"href":"https:\/\/entendatudo.com\/id\/wp-json\/wp\/v2\/types\/page"}],"author":[{"embeddable":true,"href":"https:\/\/entendatudo.com\/id\/wp-json\/wp\/v2\/users\/8"}],"replies":[{"embeddable":true,"href":"https:\/\/entendatudo.com\/id\/wp-json\/wp\/v2\/comments?post=268"}],"version-history":[{"count":6,"href":"https:\/\/entendatudo.com\/id\/wp-json\/wp\/v2\/pages\/268\/revisions"}],"predecessor-version":[{"id":1089,"href":"https:\/\/entendatudo.com\/id\/wp-json\/wp\/v2\/pages\/268\/revisions\/1089"}],"wp:attachment":[{"href":"https:\/\/entendatudo.com\/id\/wp-json\/wp\/v2\/media?parent=268"}],"curies":[{"name":"wp","href":"https:\/\/api.w.org\/{rel}","templated":true}]}}