{"id":51,"date":"2025-03-15T20:11:52","date_gmt":"2025-03-15T23:11:52","guid":{"rendered":"https:\/\/entendatudo.com\/?page_id=51"},"modified":"2025-03-15T20:14:39","modified_gmt":"2025-03-15T23:14:39","slug":"conditions-dutilisation","status":"publish","type":"page","link":"https:\/\/entendatudo.com\/fr\/conditions-dutilisation\/","title":{"rendered":"Conditions d&#039;utilisation"},"content":{"rendered":"<p>En acc\u00e9dant au site web EntendaTudo, disponible \u00e0 l&#039;adresse <a href=\"https:\/\/entendatudo.com\/fr\/\">https:\/\/entendatudo.com<\/a>, En utilisant ce site, vous acceptez de respecter les conditions g\u00e9n\u00e9rales suivantes. Si vous n&#039;acceptez pas l&#039;une des conditions d\u00e9crites ici, veuillez ne pas utiliser le site.<\/p>\n\n\n\n<h2 class=\"wp-block-heading\">Utilisation des cookies\u00a0:<\/h2>\n\n\n\n<p>EntendaTudo utilise des cookies pour am\u00e9liorer votre exp\u00e9rience de navigation sur le site. En continuant \u00e0 utiliser le site, vous consentez \u00e0 l&#039;utilisation de cookies.<\/p>\n\n\n\n<p>Les cookies sont des fichiers texte stock\u00e9s sur votre appareil par les serveurs web. Ils ne peuvent ni ex\u00e9cuter de programmes ni transmettre de virus \u00e0 votre ordinateur. Ces fichiers sont propres au serveur qui les a cr\u00e9\u00e9s, et seul ce serveur peut y acc\u00e9der.<\/p>\n\n\n\n<p>Nous utilisons des cookies pour collecter et stocker des informations \u00e0 des fins statistiques et marketing. Vous pouvez configurer votre navigateur pour accepter ou refuser les cookies. Certains cookies sont indispensables au fonctionnement du site web et ne n\u00e9cessitent pas votre consentement. Accepter les cookies indispensables peut entra\u00eener l&#039;utilisation de cookies tiers par les services int\u00e9gr\u00e9s \u00e0 notre site web.<\/p>\n\n\n\n<h2 class=\"wp-block-heading\">Droits de propri\u00e9t\u00e9 intellectuelle\u00a0:<\/h2>\n\n\n\n<p>Sauf indication contraire, EntendaTudo et\/ou ses conc\u00e9dants de licence d\u00e9tiennent les droits de propri\u00e9t\u00e9 intellectuelle sur l&#039;ensemble du contenu publi\u00e9 sur le site. Tous droits r\u00e9serv\u00e9s. Vous pouvez acc\u00e9der \u00e0 ce contenu pour votre usage personnel, sous r\u00e9serve des restrictions \u00e9nonc\u00e9es dans les pr\u00e9sentes conditions.<\/p>\n\n\n\n<p>Vous n&#039;\u00eates pas autoris\u00e9 \u00e0\u00a0:<\/p>\n\n\n\n<ul class=\"wp-block-list\">\n<li>Copier ou redistribuer du mat\u00e9riel d&#039;EntendaTudo.<\/li>\n\n\n\n<li>Vente, location ou sous-licence de mat\u00e9riel d&#039;EntendaTudo.<\/li>\n\n\n\n<li>La reproduction, la duplication ou la copie de documents provenant d&#039;EntendaTudo est interdite.<\/li>\n\n\n\n<li>Redistribution du contenu d&#039;EntendaTudo sans autorisation.<\/li>\n<\/ul>\n\n\n\n<h2 class=\"wp-block-heading\">Commentaires des utilisateurs\u00a0:<\/h2>\n\n\n\n<p>EntendaTudo permet aux utilisateurs de publier des commentaires et d&#039;\u00e9changer des informations. Nous ne mod\u00e9rons pas les commentaires avant leur publication. Les commentaires expriment les opinions de leurs auteurs et non celles d&#039;EntendaTudo ou de ses partenaires. EntendaTudo d\u00e9cline toute responsabilit\u00e9 quant aux commentaires et aux dommages pouvant r\u00e9sulter de leur utilisation.<\/p>\n\n\n\n<p>En publiant des commentaires, vous garantissez que\u00a0:<\/p>\n\n\n\n<ul class=\"wp-block-list\">\n<li>Elle poss\u00e8de tous les droits et licences n\u00e9cessaires pour ce faire.<\/li>\n\n\n\n<li>Vos commentaires ne violent aucun droit de propri\u00e9t\u00e9 intellectuelle, ne sont pas diffamatoires et ne sont pas ill\u00e9gaux.<\/li>\n\n\n\n<li>Ils ne feront pas la promotion d&#039;entreprises ou d&#039;activit\u00e9s ill\u00e9gales.<\/li>\n<\/ul>\n\n\n\n<p>Vous accordez \u00e0 EntendaTudo une licence non exclusive d&#039;utilisation, de reproduction et de modification de vos commentaires sous quelque forme et sur quelque support que ce soit.<\/p>\n\n\n\n<h2 class=\"wp-block-heading\">Liens vers notre contenu\u00a0:<\/h2>\n\n\n\n<p>Les organismes gouvernementaux, les moteurs de recherche et les m\u00e9dias peuvent cr\u00e9er des liens vers notre site web sans autorisation pr\u00e9alable. D&#039;autres organisations peuvent cr\u00e9er des liens vers notre page d&#039;accueil, \u00e0 condition que ces liens ne sugg\u00e8rent pas faussement une association avec nous ou un parrainage de notre part.<\/p>\n\n\n\n<p>Pour demander un lien, envoyez un courriel \u00e0 <a href=\"mailto:contacto@entendatudo.com\">contacto@entendatudo.com<\/a>. Veuillez patienter 2 \u00e0 3 semaines pour recevoir notre r\u00e9ponse.<\/p>\n\n\n\n<h2 class=\"wp-block-heading\">Responsabilit\u00e9 concernant le contenu et les liens externes\u00a0:<\/h2>\n\n\n\n<p>Nous ne sommes pas responsables du contenu des sites web externes qui renvoient vers notre site. Vous devez nous indemniser pour toute r\u00e9clamation d\u00e9coulant de votre site web. Nous ne garantissons pas que les liens pr\u00e9sents sur notre site soient appropri\u00e9s ou exempts de contenu diffamatoire.<\/p>\n\n\n\n<h2 class=\"wp-block-heading\">Restrictions relatives aux droits d&#039;auteur et \u00e0 la suppression des liens\u00a0:<\/h2>\n\n\n\n<p>Nous nous r\u00e9servons le droit de demander la suppression de tout lien vers notre site web \u00e0 tout moment et de modifier les pr\u00e9sentes conditions g\u00e9n\u00e9rales. En continuant \u00e0 cr\u00e9er des liens vers notre site web, vous acceptez les conditions g\u00e9n\u00e9rales mises \u00e0 jour.<\/p>\n\n\n\n<p>Si vous trouvez des liens offensants sur notre site web, veuillez nous contacter afin que nous puissions \u00e9valuer la possibilit\u00e9 de les supprimer.<\/p>\n\n\n\n<h2 class=\"wp-block-heading\">Clause de non-responsabilit\u00e9:<\/h2>\n\n\n\n<p>Nous excluons toute garantie relative \u00e0 notre site web dans toute la mesure permise par la loi, y compris la responsabilit\u00e9 en cas de dommages corporels, de fraude ou toute autre responsabilit\u00e9 non autoris\u00e9e par la loi.<\/p>\n\n\n\n<p>\u00c9tant donn\u00e9 que le site web et ses services sont offerts gratuitement, nous ne sommes pas responsables des pertes ou dommages de quelque nature que ce soit.<\/p>","protected":false},"excerpt":{"rendered":"<p>Ao acessar o site EntendaTudo, dispon\u00edvel em https:\/\/entendatudo.com, voc\u00ea concorda em cumprir os seguintes termos e condi\u00e7\u00f5es. Se voc\u00ea n\u00e3o concorda com algum dos termos aqui descritos, por favor, n\u00e3o utilize o site. Uso de Cookies: EntendaTudo emprega cookies para enriquecer sua experi\u00eancia enquanto navega pelo site. Ao continuar utilizando &#8230; <a title=\"Conditions d&#039;utilisation\" class=\"read-more\" href=\"https:\/\/entendatudo.com\/fr\/conditions-dutilisation\/\" aria-label=\"En savoir plus sur Termos de Uso\">En savoir plus<\/a><\/p>","protected":false},"author":8,"featured_media":0,"parent":0,"menu_order":0,"comment_status":"closed","ping_status":"closed","template":"","meta":{"_acf_changed":false,"footnotes":""},"class_list":["post-51","page","type-page","status-publish"],"acf":[],"_links":{"self":[{"href":"https:\/\/entendatudo.com\/fr\/wp-json\/wp\/v2\/pages\/51","targetHints":{"allow":["GET"]}}],"collection":[{"href":"https:\/\/entendatudo.com\/fr\/wp-json\/wp\/v2\/pages"}],"about":[{"href":"https:\/\/entendatudo.com\/fr\/wp-json\/wp\/v2\/types\/page"}],"author":[{"embeddable":true,"href":"https:\/\/entendatudo.com\/fr\/wp-json\/wp\/v2\/users\/8"}],"replies":[{"embeddable":true,"href":"https:\/\/entendatudo.com\/fr\/wp-json\/wp\/v2\/comments?post=51"}],"version-history":[{"count":2,"href":"https:\/\/entendatudo.com\/fr\/wp-json\/wp\/v2\/pages\/51\/revisions"}],"predecessor-version":[{"id":53,"href":"https:\/\/entendatudo.com\/fr\/wp-json\/wp\/v2\/pages\/51\/revisions\/53"}],"wp:attachment":[{"href":"https:\/\/entendatudo.com\/fr\/wp-json\/wp\/v2\/media?parent=51"}],"curies":[{"name":"wp","href":"https:\/\/api.w.org\/{rel}","templated":true}]}}