{"id":268,"date":"2025-03-16T13:46:41","date_gmt":"2025-03-16T16:46:41","guid":{"rendered":"https:\/\/entendatudo.com\/?page_id=268"},"modified":"2025-12-27T15:16:18","modified_gmt":"2025-12-27T15:16:18","slug":"qui-nous-sommes","status":"publish","type":"page","link":"https:\/\/entendatudo.com\/fr\/qui-nous-sommes\/","title":{"rendered":"Qui sommes-nous ?"},"content":{"rendered":"<div class=\"wp-block-image\">\n<figure class=\"alignleft size-full is-resized\"><img loading=\"lazy\" decoding=\"async\" width=\"500\" height=\"500\" src=\"https:\/\/entendatudo.com\/wp-content\/uploads\/2025\/12\/redator-diogo-alves.webp\" alt=\"\u00c9crit par Diogo Alves\" class=\"wp-image-1036\" style=\"width:329px;height:auto\" srcset=\"https:\/\/entendatudo.com\/wp-content\/uploads\/2025\/12\/redator-diogo-alves.webp 500w, https:\/\/entendatudo.com\/wp-content\/uploads\/2025\/12\/redator-diogo-alves-300x300.webp 300w, https:\/\/entendatudo.com\/wp-content\/uploads\/2025\/12\/redator-diogo-alves-150x150.webp 150w, https:\/\/entendatudo.com\/wp-content\/uploads\/2025\/12\/redator-diogo-alves-12x12.webp 12w\" sizes=\"auto, (max-width: 500px) 100vw, 500px\" \/><figcaption class=\"wp-element-caption\">Diogo Alves<\/figcaption><\/figure>\n<\/div>\n\n\n<p><strong>Bienvenue sur UnderstandEverything<\/strong>, Roblox, l&#039;endroit id\u00e9al pour explorer le monde passionnant des jeux et les derni\u00e8res mises \u00e0 jour disponibles sur la plateforme Roblox !<\/p>\n\n\n\n<p>EntendaTudo est un projet cr\u00e9\u00e9 et g\u00e9r\u00e9 par <strong>Diogo Alves<\/strong>, Connu sous le nom d&#039;EntendaTudo, il s&#039;\u00e9tait fait conna\u00eetre comme cr\u00e9ateur de contenu Roblox sur TikTok. Cette cha\u00eene est n\u00e9e de sa passion pour partager ses connaissances et son enthousiasme concernant les nombreuses opportunit\u00e9s offertes par l&#039;univers de Roblox.<\/p>\n\n\n\n<p>Le projet a un partenariat avec <a href=\"https:\/\/aafpublicidadeonline.com\/\" target=\"_blank\" rel=\"noreferrer noopener\">Publicit\u00e9 en ligne AAF<\/a> (NIF : 517918560), une soci\u00e9t\u00e9 sp\u00e9cialis\u00e9e dans le marketing num\u00e9rique qui collabore \u00e0 la gestion et au d\u00e9veloppement d&#039;EntendaTudo.<\/p>\n\n\n\n<p>Sur notre blog, vous trouverez des analyses compl\u00e8tes des jeux les plus populaires de la plateforme, des mises \u00e0 jour sur les derni\u00e8res nouveaut\u00e9s et les actualit\u00e9s concernant Roblox. Notre objectif est de vous fournir des informations pr\u00e9cises et utiles pour enrichir votre exp\u00e9rience dans l&#039;univers Roblox.<\/p>\n\n\n\n<p>EntendaTudo est l\u00e0 pour vous aider, que vous soyez un joueur exp\u00e9riment\u00e9 ou d\u00e9butant, \u00e0 explorer le vaste et diversifi\u00e9 univers du jeu vid\u00e9o\u00a0! Rejoignez-nous dans cette aventure passionnante\u00a0: d\u00e9couvrons de nouveaux mondes, mettons nos comp\u00e9tences \u00e0 l\u2019\u00e9preuve et vivons les meilleures exp\u00e9riences sur Roblox.<\/p>","protected":false},"excerpt":{"rendered":"<p>Bem-vindo ao EntendaTudo, o lugar perfeito para explorar o emocionante reino dos jogos e as \u00faltimas atualiza\u00e7\u00f5es encontradas na plataforma Roblox! O EntendaTudo \u00e9 um projeto criado e gerido por Diogo Alves, conhecido como EntendaTudo, que no passado ganhou destaque como um famoso criador de conte\u00fado de Roblox no TikTok. &#8230; <a title=\"Qui sommes-nous ?\" class=\"read-more\" href=\"https:\/\/entendatudo.com\/fr\/qui-nous-sommes\/\" aria-label=\"En savoir plus sur Quem Somos\">En savoir plus<\/a><\/p>","protected":false},"author":8,"featured_media":0,"parent":0,"menu_order":0,"comment_status":"closed","ping_status":"closed","template":"","meta":{"_acf_changed":false,"footnotes":""},"class_list":["post-268","page","type-page","status-publish"],"acf":[],"_links":{"self":[{"href":"https:\/\/entendatudo.com\/fr\/wp-json\/wp\/v2\/pages\/268","targetHints":{"allow":["GET"]}}],"collection":[{"href":"https:\/\/entendatudo.com\/fr\/wp-json\/wp\/v2\/pages"}],"about":[{"href":"https:\/\/entendatudo.com\/fr\/wp-json\/wp\/v2\/types\/page"}],"author":[{"embeddable":true,"href":"https:\/\/entendatudo.com\/fr\/wp-json\/wp\/v2\/users\/8"}],"replies":[{"embeddable":true,"href":"https:\/\/entendatudo.com\/fr\/wp-json\/wp\/v2\/comments?post=268"}],"version-history":[{"count":6,"href":"https:\/\/entendatudo.com\/fr\/wp-json\/wp\/v2\/pages\/268\/revisions"}],"predecessor-version":[{"id":1089,"href":"https:\/\/entendatudo.com\/fr\/wp-json\/wp\/v2\/pages\/268\/revisions\/1089"}],"wp:attachment":[{"href":"https:\/\/entendatudo.com\/fr\/wp-json\/wp\/v2\/media?parent=268"}],"curies":[{"name":"wp","href":"https:\/\/api.w.org\/{rel}","templated":true}]}}