{"id":59,"date":"2025-03-15T20:18:39","date_gmt":"2025-03-15T23:18:39","guid":{"rendered":"https:\/\/entendatudo.com\/?page_id=59"},"modified":"2025-03-15T20:18:59","modified_gmt":"2025-03-15T23:18:59","slug":"transparencia-con-el-lector","status":"publish","type":"page","link":"https:\/\/entendatudo.com\/es\/transparencia-con-el-lector\/","title":{"rendered":"Transparencia con el lector"},"content":{"rendered":"<p><strong>Bienvenido a nuestra p\u00e1gina dedicada a la transparencia en EntendaTudo.<\/strong><\/p>\n\n\n\n<p>En EntendaTudo, la transparencia es una prioridad y estamos comprometidos a mantener a nuestros lectores informados sobre nuestras pr\u00e1cticas y pol\u00edticas.<\/p>\n\n\n\n<p><strong>Directrices editoriales<\/strong><\/p>\n\n\n\n<p>Nuestro principio editorial se basa en la precisi\u00f3n, imparcialidad y relevancia del contenido que ofrecemos. Elaboramos nuestros art\u00edculos tras una investigaci\u00f3n exhaustiva, un an\u00e1lisis detallado y la experiencia de nuestros escritores. No permitimos que ninguna compensaci\u00f3n econ\u00f3mica influya en el contenido que publicamos. Si nuestros art\u00edculos incluyen enlaces de afiliados, se indicar\u00e1n claramente.<\/p>\n\n\n\n<p><strong>Generaci\u00f3n de ingresos y publicidad<\/strong><\/p>\n\n\n\n<p>Actualmente estamos en proceso de aprobaci\u00f3n para usar Google AdSense, una plataforma publicitaria que cumple con estrictos est\u00e1ndares de cumplimiento legal. Los anuncios en nuestro sitio web est\u00e1n debidamente marcados, y cualquier interacci\u00f3n financiera generada por los clics de los usuarios en los anuncios se realiza sin comprometer nuestra integridad editorial. Nos comprometemos a mantener la calidad y la relevancia de los anuncios que mostramos.<\/p>\n\n\n\n<p>Anuncios <strong>Privacidad del usuario<\/strong><\/p>\n\n\n\n<p>El respeto a la privacidad de nuestros visitantes es fundamental. Hemos adoptado estrictas pol\u00edticas de protecci\u00f3n de datos, garantizando que la informaci\u00f3n recopilada se utilice \u00fanicamente para mejorar la experiencia del sitio web y no se venda ni se divulgue a terceros sin autorizaci\u00f3n previa.<\/p>\n\n\n\n<p><strong>Obligaciones legales<\/strong><\/p>\n\n\n\n<p>Nuestro objetivo es garantizar que todo el contenido de EntendaTudo cumpla con la legislaci\u00f3n aplicable. Si detecta alguna infracci\u00f3n de derechos de autor u otras infracciones legales en nuestro contenido, notif\u00edquenoslo de inmediato para que podamos corregir la situaci\u00f3n.<\/p>\n\n\n\n<p><strong>Cont\u00e1ctanos<\/strong><\/p>\n\n\n\n<p>Para preguntas, inquietudes o sugerencias respecto a la transparencia o cualquier otro asunto, utilice nuestro formulario de contacto o env\u00ede un correo electr\u00f3nico a [direcci\u00f3n de correo electr\u00f3nico]. <a href=\"mailto:contacto@entendatudo.com\">contacto@entendatudo.com<\/a> .<\/p>\n\n\n\n<p>Agradecemos su confianza e inter\u00e9s en nuestro compromiso con la transparencia en EntendaTudo.<\/p>","protected":false},"excerpt":{"rendered":"<p>Seja bem-vindo \u00e0 nossa p\u00e1gina de compromisso com a transpar\u00eancia no EntendaTudo. Na EntendaTudo, a transpar\u00eancia \u00e9 uma prioridade e estamos empenhados em manter nossos leitores informados sobre nossas pr\u00e1ticas e pol\u00edticas. Diretrizes Editoriais An\u00fancios Nosso princ\u00edpio editorial baseia-se na precis\u00e3o, equidade e relev\u00e2ncia do conte\u00fado que oferecemos. Produzimos nossos &#8230; <a title=\"Transparencia con el lector\" class=\"read-more\" href=\"https:\/\/entendatudo.com\/es\/transparencia-con-el-lector\/\" aria-label=\"Leer m\u00e1s sobre Transpar\u00eancia com o leitor\">leer m\u00e1s<\/a><\/p>","protected":false},"author":8,"featured_media":0,"parent":0,"menu_order":0,"comment_status":"closed","ping_status":"closed","template":"","meta":{"_acf_changed":false,"footnotes":""},"class_list":["post-59","page","type-page","status-publish"],"acf":[],"_links":{"self":[{"href":"https:\/\/entendatudo.com\/es\/wp-json\/wp\/v2\/pages\/59","targetHints":{"allow":["GET"]}}],"collection":[{"href":"https:\/\/entendatudo.com\/es\/wp-json\/wp\/v2\/pages"}],"about":[{"href":"https:\/\/entendatudo.com\/es\/wp-json\/wp\/v2\/types\/page"}],"author":[{"embeddable":true,"href":"https:\/\/entendatudo.com\/es\/wp-json\/wp\/v2\/users\/8"}],"replies":[{"embeddable":true,"href":"https:\/\/entendatudo.com\/es\/wp-json\/wp\/v2\/comments?post=59"}],"version-history":[{"count":2,"href":"https:\/\/entendatudo.com\/es\/wp-json\/wp\/v2\/pages\/59\/revisions"}],"predecessor-version":[{"id":62,"href":"https:\/\/entendatudo.com\/es\/wp-json\/wp\/v2\/pages\/59\/revisions\/62"}],"wp:attachment":[{"href":"https:\/\/entendatudo.com\/es\/wp-json\/wp\/v2\/media?parent=59"}],"curies":[{"name":"wp","href":"https:\/\/api.w.org\/{rel}","templated":true}]}}