{"id":54,"date":"2025-03-15T20:16:12","date_gmt":"2025-03-15T23:16:12","guid":{"rendered":"https:\/\/entendatudo.com\/?page_id=54"},"modified":"2025-03-15T20:16:13","modified_gmt":"2025-03-15T23:16:13","slug":"contacto","status":"publish","type":"page","link":"https:\/\/entendatudo.com\/es\/contacto\/","title":{"rendered":"Contacto"},"content":{"rendered":"<p>Cont\u00e1ctenos<\/p>\n\n\n\n<p>Si tiene alguna pregunta o sugerencia, estaremos encantados de ayudarle. Puede contactarnos de dos maneras:<\/p>\n\n\n\n<p>Correo electr\u00f3nico<\/p>\n\n\n\n<p>Para anuncios u otras consultas, env\u00ede un correo electr\u00f3nico a <a href=\"mailto:contacto@entendatudo.com\">contacto@entendatudo.com<\/a> . <\/p>\n\n\n\n<p>Nos esforzaremos por responder lo antes posible.<\/p>","protected":false},"excerpt":{"rendered":"<p>Fale Conosco Se voc\u00ea tiver qualquer pergunta ou sugest\u00e3o, ficaremos felizes em ajudar. Existem duas formas de entrar em contato conosco: E-mail Para an\u00fancios ou outras quest\u00f5es, por favor, envie um e-mail para contacto@entendatudo.com . Nos esfor\u00e7aremos para responder o mais brevemente poss\u00edvel.<\/p>","protected":false},"author":8,"featured_media":0,"parent":0,"menu_order":0,"comment_status":"closed","ping_status":"closed","template":"","meta":{"_acf_changed":false,"footnotes":""},"class_list":["post-54","page","type-page","status-publish"],"acf":[],"_links":{"self":[{"href":"https:\/\/entendatudo.com\/es\/wp-json\/wp\/v2\/pages\/54","targetHints":{"allow":["GET"]}}],"collection":[{"href":"https:\/\/entendatudo.com\/es\/wp-json\/wp\/v2\/pages"}],"about":[{"href":"https:\/\/entendatudo.com\/es\/wp-json\/wp\/v2\/types\/page"}],"author":[{"embeddable":true,"href":"https:\/\/entendatudo.com\/es\/wp-json\/wp\/v2\/users\/8"}],"replies":[{"embeddable":true,"href":"https:\/\/entendatudo.com\/es\/wp-json\/wp\/v2\/comments?post=54"}],"version-history":[{"count":1,"href":"https:\/\/entendatudo.com\/es\/wp-json\/wp\/v2\/pages\/54\/revisions"}],"predecessor-version":[{"id":55,"href":"https:\/\/entendatudo.com\/es\/wp-json\/wp\/v2\/pages\/54\/revisions\/55"}],"wp:attachment":[{"href":"https:\/\/entendatudo.com\/es\/wp-json\/wp\/v2\/media?parent=54"}],"curies":[{"name":"wp","href":"https:\/\/api.w.org\/{rel}","templated":true}]}}