{"id":268,"date":"2025-03-16T13:46:41","date_gmt":"2025-03-16T16:46:41","guid":{"rendered":"https:\/\/entendatudo.com\/?page_id=268"},"modified":"2025-12-27T15:16:18","modified_gmt":"2025-12-27T15:16:18","slug":"quienes-somos","status":"publish","type":"page","link":"https:\/\/entendatudo.com\/es\/quienes-somos\/","title":{"rendered":"Quienes somos"},"content":{"rendered":"<div class=\"wp-block-image\">\n<figure class=\"alignleft size-full is-resized\"><img loading=\"lazy\" decoding=\"async\" width=\"500\" height=\"500\" src=\"https:\/\/entendatudo.com\/wp-content\/uploads\/2025\/12\/redator-diogo-alves.webp\" alt=\"Escrito por Diogo Alves\" class=\"wp-image-1036\" style=\"width:329px;height:auto\" srcset=\"https:\/\/entendatudo.com\/wp-content\/uploads\/2025\/12\/redator-diogo-alves.webp 500w, https:\/\/entendatudo.com\/wp-content\/uploads\/2025\/12\/redator-diogo-alves-300x300.webp 300w, https:\/\/entendatudo.com\/wp-content\/uploads\/2025\/12\/redator-diogo-alves-150x150.webp 150w, https:\/\/entendatudo.com\/wp-content\/uploads\/2025\/12\/redator-diogo-alves-12x12.webp 12w\" sizes=\"auto, (max-width: 500px) 100vw, 500px\" \/><figcaption class=\"wp-element-caption\">Diogo Alves<\/figcaption><\/figure>\n<\/div>\n\n\n<p><strong>Bienvenido a UnderstandEverything<\/strong>, Roblox, \u00a1el lugar perfecto para explorar el apasionante mundo de los juegos y las \u00faltimas actualizaciones que se encuentran en la plataforma Roblox!<\/p>\n\n\n\n<p>EntendaTudo es un proyecto creado y gestionado por <strong>Diogo Alves<\/strong>, conocido como EntendaTudo, quien anteriormente se hizo conocido como un famoso creador de contenido de Roblox en TikTok. Este canal naci\u00f3 de su pasi\u00f3n por compartir ideas y entusiasmo sobre las amplias oportunidades que ofrece el mundo de Roblox.<\/p>\n\n\n\n<p>El proyecto cuenta con una alianza con <a href=\"https:\/\/aafpublicidadeonline.com\/\" target=\"_blank\" rel=\"noreferrer noopener\">Publicidad en l\u00ednea de AAF<\/a> (NIF: 517918560), empresa especializada en marketing digital que colabora en la gesti\u00f3n y desarrollo de EntendaTudo.<\/p>\n\n\n\n<p>En nuestro blog, encontrar\u00e1s rese\u00f1as completas de los juegos m\u00e1s populares de la plataforma, actualizaciones sobre los \u00faltimos cambios y noticias de actualidad sobre Roblox. Nuestro objetivo es brindar informaci\u00f3n precisa y \u00fatil para mejorar tu experiencia en el universo de Roblox.<\/p>\n\n\n\n<p>EntendaTudo est\u00e1 listo para ayudarte, ya seas un jugador experimentado o un principiante, a explorar el amplio y variado mundo de los videojuegos. Acomp\u00e1\u00f1anos en este emocionante viaje mientras descubrimos nuevos mundos, ponemos a prueba nuestras habilidades y disfrutamos de las mejores experiencias en Roblox.<\/p>","protected":false},"excerpt":{"rendered":"<p>Bem-vindo ao EntendaTudo, o lugar perfeito para explorar o emocionante reino dos jogos e as \u00faltimas atualiza\u00e7\u00f5es encontradas na plataforma Roblox! O EntendaTudo \u00e9 um projeto criado e gerido por Diogo Alves, conhecido como EntendaTudo, que no passado ganhou destaque como um famoso criador de conte\u00fado de Roblox no TikTok. &#8230; <a title=\"Quienes somos\" class=\"read-more\" href=\"https:\/\/entendatudo.com\/es\/quienes-somos\/\" aria-label=\"Leer m\u00e1s sobre Quem Somos\">leer m\u00e1s<\/a><\/p>","protected":false},"author":8,"featured_media":0,"parent":0,"menu_order":0,"comment_status":"closed","ping_status":"closed","template":"","meta":{"_acf_changed":false,"footnotes":""},"class_list":["post-268","page","type-page","status-publish"],"acf":[],"_links":{"self":[{"href":"https:\/\/entendatudo.com\/es\/wp-json\/wp\/v2\/pages\/268","targetHints":{"allow":["GET"]}}],"collection":[{"href":"https:\/\/entendatudo.com\/es\/wp-json\/wp\/v2\/pages"}],"about":[{"href":"https:\/\/entendatudo.com\/es\/wp-json\/wp\/v2\/types\/page"}],"author":[{"embeddable":true,"href":"https:\/\/entendatudo.com\/es\/wp-json\/wp\/v2\/users\/8"}],"replies":[{"embeddable":true,"href":"https:\/\/entendatudo.com\/es\/wp-json\/wp\/v2\/comments?post=268"}],"version-history":[{"count":6,"href":"https:\/\/entendatudo.com\/es\/wp-json\/wp\/v2\/pages\/268\/revisions"}],"predecessor-version":[{"id":1089,"href":"https:\/\/entendatudo.com\/es\/wp-json\/wp\/v2\/pages\/268\/revisions\/1089"}],"wp:attachment":[{"href":"https:\/\/entendatudo.com\/es\/wp-json\/wp\/v2\/media?parent=268"}],"curies":[{"name":"wp","href":"https:\/\/api.w.org\/{rel}","templated":true}]}}