{"id":268,"date":"2025-03-16T13:46:41","date_gmt":"2025-03-16T16:46:41","guid":{"rendered":"https:\/\/entendatudo.com\/?page_id=268"},"modified":"2025-12-27T15:16:18","modified_gmt":"2025-12-27T15:16:18","slug":"who-we-are","status":"publish","type":"page","link":"https:\/\/entendatudo.com\/en\/who-we-are\/","title":{"rendered":"Who We Are"},"content":{"rendered":"<div class=\"wp-block-image\">\n<figure class=\"alignleft size-full is-resized\"><img loading=\"lazy\" decoding=\"async\" width=\"500\" height=\"500\" src=\"https:\/\/entendatudo.com\/wp-content\/uploads\/2025\/12\/redator-diogo-alves.webp\" alt=\"Written by Diogo Alves\" class=\"wp-image-1036\" style=\"width:329px;height:auto\" srcset=\"https:\/\/entendatudo.com\/wp-content\/uploads\/2025\/12\/redator-diogo-alves.webp 500w, https:\/\/entendatudo.com\/wp-content\/uploads\/2025\/12\/redator-diogo-alves-300x300.webp 300w, https:\/\/entendatudo.com\/wp-content\/uploads\/2025\/12\/redator-diogo-alves-150x150.webp 150w, https:\/\/entendatudo.com\/wp-content\/uploads\/2025\/12\/redator-diogo-alves-12x12.webp 12w\" sizes=\"auto, (max-width: 500px) 100vw, 500px\" \/><figcaption class=\"wp-element-caption\">Diogo Alves<\/figcaption><\/figure>\n<\/div>\n\n\n<p><strong>Welcome to UnderstandEverything<\/strong>, Roblox, the perfect place to explore the exciting realm of games and the latest updates found on the Roblox platform!<\/p>\n\n\n\n<p>EntendaTudo is a project created and managed by <strong>Diogo Alves<\/strong>, known as EntendaTudo, who previously gained prominence as a famous Roblox content creator on TikTok. This channel was born from his passion for sharing insights and enthusiasm about the vast opportunities available in the world of Roblox.<\/p>\n\n\n\n<p>The project has a partnership with <a href=\"https:\/\/aafpublicidadeonline.com\/\" target=\"_blank\" rel=\"noreferrer noopener\">AAF Online Advertising<\/a> (NIF: 517918560), a company specializing in digital marketing that collaborates in the management and development of EntendaTudo.<\/p>\n\n\n\n<p>On our blog, you&#039;ll find comprehensive reviews of the platform&#039;s most popular games, updates on the latest changes, and current news related to Roblox. Our goal is to deliver accurate and useful information to enhance your experience in the Roblox universe.<\/p>\n\n\n\n<p>EntendaTudo is ready to help you, whether you&#039;re an experienced player or just a beginner, navigate the expansive and varied realm of gaming! Come along on this exciting journey as we discover new realms, challenge our skills, and enjoy the best experiences on Roblox.<\/p>","protected":false},"excerpt":{"rendered":"<p>Bem-vindo ao EntendaTudo, o lugar perfeito para explorar o emocionante reino dos jogos e as \u00faltimas atualiza\u00e7\u00f5es encontradas na plataforma Roblox! O EntendaTudo \u00e9 um projeto criado e gerido por Diogo Alves, conhecido como EntendaTudo, que no passado ganhou destaque como um famoso criador de conte\u00fado de Roblox no TikTok. &#8230; <a title=\"Who We Are\" class=\"read-more\" href=\"https:\/\/entendatudo.com\/en\/who-we-are\/\" aria-label=\"Read more about Quem Somos\">read more<\/a><\/p>","protected":false},"author":8,"featured_media":0,"parent":0,"menu_order":0,"comment_status":"closed","ping_status":"closed","template":"","meta":{"_acf_changed":false,"footnotes":""},"class_list":["post-268","page","type-page","status-publish"],"acf":[],"_links":{"self":[{"href":"https:\/\/entendatudo.com\/en\/wp-json\/wp\/v2\/pages\/268","targetHints":{"allow":["GET"]}}],"collection":[{"href":"https:\/\/entendatudo.com\/en\/wp-json\/wp\/v2\/pages"}],"about":[{"href":"https:\/\/entendatudo.com\/en\/wp-json\/wp\/v2\/types\/page"}],"author":[{"embeddable":true,"href":"https:\/\/entendatudo.com\/en\/wp-json\/wp\/v2\/users\/8"}],"replies":[{"embeddable":true,"href":"https:\/\/entendatudo.com\/en\/wp-json\/wp\/v2\/comments?post=268"}],"version-history":[{"count":6,"href":"https:\/\/entendatudo.com\/en\/wp-json\/wp\/v2\/pages\/268\/revisions"}],"predecessor-version":[{"id":1089,"href":"https:\/\/entendatudo.com\/en\/wp-json\/wp\/v2\/pages\/268\/revisions\/1089"}],"wp:attachment":[{"href":"https:\/\/entendatudo.com\/en\/wp-json\/wp\/v2\/media?parent=268"}],"curies":[{"name":"wp","href":"https:\/\/api.w.org\/{rel}","templated":true}]}}